{"id":1732,"date":"2023-09-18T08:59:04","date_gmt":"2023-09-18T07:59:04","guid":{"rendered":"https:\/\/www.furberproducts.ch\/?page_id=1732"},"modified":"2023-09-20T13:41:45","modified_gmt":"2023-09-20T13:41:45","slug":"datenschutzerklaerung-3","status":"publish","type":"page","link":"https:\/\/www.onitproducts.ch\/?page_id=1732","title":{"rendered":"Datenschutzerkl\u00e4rung"},"content":{"rendered":"<div class=\"\" style=\"\" >\n    \n    <section class=\"u-clearfix u-image u-shading u-section-2\" id=\"sec-1216\" data-image-width=\"2560\" data-image-height=\"1708\" style=\"background-image: linear-gradient(0deg, rgba(0, 0, 0, 0.1), rgba(0, 0, 0, 0.1)), url(&quot;https:\/\/www.onitproducts.ch\/wp-content\/uploads\/2023\/09\/arbeitsplatz_header-klein-scaled.jpg&quot;);\">\n      <div class=\"u-clearfix u-sheet u-valign-middle u-sheet-1\">\n        <h2 class=\"u-custom-font u-font-open-sans u-subtitle u-text u-text-default u-text-white u-text-1\">datenschutzerkl\u00e4rung<\/h2>\n      <\/div>\n    <\/section>\n    <section class=\"u-clearfix u-section-3\" id=\"sec-c732\">\n      <div class=\"u-clearfix u-sheet u-sheet-1\">\n        <div class=\"u-container-style u-expanded-width u-group u-hidden u-group-1\">\n          <div class=\"u-container-layout u-valign-middle-xl u-container-layout-1\">\n            <img decoding=\"async\" class=\"u-expanded-height-xl u-expanded-width-xs u-image u-image-default u-image-1\" src=\"https:\/\/www.onitproducts.ch\/wp-content\/uploads\/2023\/08\/FTB-white-003-scaled.jpg\" alt=\"\" data-image-width=\"2560\" data-image-height=\"1432\" data-animation-name=\"customAnimationIn\" data-animation-duration=\"1000\">\n          <\/div>\n        <\/div>\n      <\/div>\n    <\/section>\n    <section class=\"u-clearfix u-section-4\" id=\"sec-b872\">\n      <div class=\"u-clearfix u-sheet u-sheet-1\">\n        <div class=\"u-align-left u-container-style u-grey-5 u-group u-opacity u-opacity-75 u-shape-rectangle u-group-1\" data-animation-name=\"customAnimationIn\" data-animation-duration=\"1000\">\n          <div class=\"u-container-layout u-container-layout-1\">\n            <p class=\"u-custom-font u-font-open-sans u-large-text u-text u-text-variant u-text-1\"><b><\/b>\n              <span style=\"font-weight: 700;\"> 1. Verantwortlicher und Inhalt dieser Datenschutzerkl\u00e4rung&nbsp;<\/span>\n              <br>\n              <br>Wir, die Furber AG, sind Betreiberin der Websites www.furber.ch,\nwww.furberproducts.ch, www.onitproducts.ch, www.koorproducts.ch, www.krafterproducts.ch\nund www.coconproducts.ch und sind, soweit dies nicht anders angegeben wird,\nverantwortlich f\u00fcr die in dieser Datenschutzerkl\u00e4rung aufgef\u00fchrten\nDatenbearbeitungen.&nbsp;<br>\n              <br>Damit Sie wissen, welche personenbezogenen Daten wir von\nIhnen erheben und f\u00fcr welche Zwecke wir sie verwenden, nehmen Sie bitte die\nnachstehenden Informationen zur Kenntnis. Wir orientieren uns beim Datenschutz\nvorwiegend an den gesetzlichen Vorgaben des Schweizerischen Datenschutzrechts,\ninsbesondere dem Bundesgesetz \u00fcber den Datenschutz (DSG).&nbsp;<br>\n              <br>Bitte beachten Sie, dass die nachfolgenden Informationen von\nZeit zu Zeit \u00fcberpr\u00fcft und ge\u00e4ndert werden. Wir empfehlen Ihnen daher, diese Datenschutzerkl\u00e4rung\nregelm\u00e4ssig einzusehen. Ferner sind f\u00fcr einzelne nachfolgend aufgef\u00fchrte\nDatenbearbeitungen andere Unternehmen datenschutzrechtlich verantwortlich oder\ngemeinsam mit uns verantwortlich, sodass in diesen F\u00e4llen auch die\nInformationen dieser Anbieter massgeblich sind.&nbsp;<br>\n              <br>\n              <span style=\"font-weight: 700;\">2. Ansprechpartner f\u00fcr Datenschutz<\/span>\n              <br>&nbsp;Wenn Sie Fragen zum Datenschutz haben oder Ihre Rechte\naus\u00fcben m\u00f6chten, wenden Sie sich bitte an unseren Ansprechpartner f\u00fcr\nDatenschutz, indem Sie eine E-Mail an folgende Adresse senden: mail@furber.ch&nbsp;<br>\n              <br>\n              <span style=\"font-weight: 700;\">3. Ihre Rechte&nbsp;<\/span>\n              <br>Sofern die gesetzlichen Voraussetzungen erf\u00fcllt sind, haben\nSie als von einer Datenbearbeitung betroffene Person die folgenden Rechte:&nbsp;&nbsp;<br>\n              <br>Recht auf Auskunft: Sie haben das Recht, jederzeit\nunentgeltlich Einsicht in Ihre bei uns gespeicherten personenbezogenen Daten zu\nverlangen, wenn wir diese bearbeiten. So haben Sie die M\u00f6glichkeit, zu pr\u00fcfen,\nwelche personenbezogene Daten wir \u00fcber Sie bearbeiten, und dass wir diese\ngem\u00e4ss geltenden Datenschutzbestimmungen verwenden.&nbsp;<br>\n              <br>Recht auf Berichtigung: Sie haben das Recht, unrichtige oder\nunvollst\u00e4ndige personenbezogene Daten berichtigen zu lassen und \u00fcber die\nBerichtigung informiert zu werden. Wir informieren in diesem Fall die Empf\u00e4nger\nder betroffenen Daten \u00fcber die vorgenommenen Anpassungen, sofern dies nicht\nunm\u00f6glich oder mit unverh\u00e4ltnism\u00e4ssigem Aufwand verbunden ist.&nbsp;<br>\n              <br>Recht auf L\u00f6schung: Sie haben das Recht, dass Ihre\npersonenbezogenen Daten unter bestimmten Umst\u00e4nden gel\u00f6scht werden. Im\nEinzelfall, insbesondere bei gesetzlichen Aufbewahrungspflichten, kann das\nRecht auf L\u00f6schung ausgeschlossen sein. In diesem Fall kann bei gegebenen\nVoraussetzungen an die Stelle der L\u00f6schung eine Sperrung der Daten treten.&nbsp;<br>\n              <br>Recht auf Einschr\u00e4nkung der Bearbeitung: Sie haben das\nRecht, zu verlangen, dass die Bearbeitung Ihrer personenbezogenen Daten\neingeschr\u00e4nkt wird.&nbsp;<br>\n              <br>Recht auf Daten\u00fcbertragung: Sie haben das Recht, von uns die\npersonenbezogenen Daten, welche Sie uns bereitgestellt haben, unentgeltlich in\neinem lesbaren Format zu erhalten.&nbsp;<br>\n              <br>Widerspruchsrecht: Sie k\u00f6nnen Datenverarbeitungen jederzeit\nwidersprechen, insbesondere f\u00fcr die Datenverarbeitung im Zusammenhang mit\nDirektwerbung (z.B. Werbe-E-Mails).&nbsp;<br>\n              <br>Widerrufsrecht: Sie haben grunds\u00e4tzlich das Recht, eine\nerteilte Einwilligung jederzeit zu widerrufen. In der Vergangenheit auf Ihre\nEinwilligung gest\u00fctzte Bearbeitungst\u00e4tigkeiten werden durch Ihren Widerruf\nallerdings nicht unrechtm\u00e4ssig.&nbsp;<br>\n              <br>Zur Aus\u00fcbung dieser Rechte senden Sie uns bitte eine E-Mail\nan folgende Adresse: mail@furber.ch&nbsp;<br>\n              <br>Beschwerderecht: Sie haben das Recht, bei einer zust\u00e4ndigen\nAufsichtsbeh\u00f6rde, z.B. gegen die Art und Weise der Bearbeitung Ihrer personenbezogenen\nDaten, Beschwerde einzureichen.&nbsp;<br>\n              <br>\n              <span style=\"font-weight: 700;\">4. Datensicherheit&nbsp;<\/span>\n              <br>Wir bedienen uns geeigneter technischer und\norganisatorischer Sicherheitsmassnahmen, um Ihre bei uns gespeicherten\npersonenbezogenen Daten gegen Verlust und unrechtm\u00e4ssige Bearbeitungen, namentlich\nunbefugten Zugriff Dritter, zu sch\u00fctzen. Unsere Mitarbeiter und die von uns\nbeauftragten Dienstleistungsunternehmen sind von uns zur Verschwiegenheit und\nzur Wahrung des Datenschutzes verpflichtet. \u00dcberdies wird diesen Personen der\nZugriff auf die personenbezogenen Daten nur so weit gew\u00e4hrt, wie es zur\nErf\u00fcllung ihrer Aufgaben notwendig ist.&nbsp;<br>\n              <br>Unsere Sicherheitsmassnahmen werden entsprechend der\ntechnologischen Entwicklung fortlaufend angepasst. Jedoch birgt die\n\u00dcbermittlung von Informationen \u00fcber das Internet und elektronische\nKommunikationsmittel stets gewisse Sicherheitsrisiken und auch wir k\u00f6nnen f\u00fcr\ndie Sicherheit von Informationen, die auf diese Weise \u00fcbermittelt werden, keine\nabsolute Garantie \u00fcbernehmen.&nbsp;<br>\n              <br>\n              <span style=\"font-weight: 700;\">5. Kontaktaufnahme mit uns<\/span>&nbsp;<br>Wenn Sie sich mit uns \u00fcber unsere Kontaktadressen und\n-kan\u00e4le (z.B. per E-Mail oder Telefon) in Verbindung setzen, werden Ihre\npersonenbezogenen Daten bearbeitet. Bearbeitet werden die Daten, die Sie uns\nzur Verf\u00fcgung gestellt haben, z.B. der Name Ihres Unternehmens, Ihr Name, Ihre\nFunktion, Ihre E-Mail-Adresse oder Telefonnummer und Ihr Anliegen. Dar\u00fcber\nhinaus wird der Zeitpunkt des Eingangs der Anfrage dokumentiert. Pflichtangaben\nsind in Kontaktformularen mit einem Sternchen (*) gekennzeichnet.\nWir verarbeiten diese Daten ausschliesslich, um Ihr Anliegen\numzusetzen (z.B. Erteilung einer Auskunft \u00fcber ein Produkt, Unterst\u00fctzung bei\nder Vertragsabwicklung wie bspw. bei der R\u00fccksendung von Produkten, Einbezug\nIhres Feedbacks in die Verbesserung unseres Services).&nbsp;<br>\n              <br>\n              <span style=\"font-weight: 700;\">6. Logfile-Daten<\/span>&nbsp;<br>Beim Besuch unserer Website speichern unsere Server tempor\u00e4r\njeden Zugriff in einer Protokolldatei (sog. Logfile). Folgende Daten werden\ndabei ohne Ihr Zutun erfasst und bis zur automatisierten L\u00f6schung von uns\ngespeichert:&nbsp;<br>\n              <br>die IP-Adresse des anfragenden Rechners,&nbsp;<br>das Datum und die Uhrzeit des Zugriffs,&nbsp;<br>der Name und die URL der abgerufenen Datei,&nbsp;<br>den Status-Code (z.B. Fehlermeldung),&nbsp;<br>die Website, von der aus der Zugriff erfolgte, ggf. mit\nverwendetem Suchwort,&nbsp;<br>das Betriebssystem Ihres Rechners oder Mobiltelefons und der\nvon Ihnen verwendete Browser (inkl. Typ, Version und Spracheinstellung),&nbsp;<br>das verwendete \u00dcbertragungsprotokoll (z.B. HTTP\/1.1)\nGer\u00e4tetyp, im Falle von Zugriffen durch Mobiltelefone,&nbsp;<br>die Stadt oder Region, von wo der Zugriff erfolgte,&nbsp;<br>\n              <br>Die Erhebung und Verarbeitung dieser Daten erfolgt zu dem\nZweck, die Nutzung unserer Website zu erm\u00f6glichen (Verbindungsaufbau), die\nSystemsicherheit und -stabilit\u00e4t dauerhaft zu gew\u00e4hrleisten sowie zur Fehler-\nund Performanceanalyse und erm\u00f6glicht es uns, unsere Website zu optimieren.<br>\n              <br>Im Falle eines Angriffes auf die Netzinfrastruktur der\nWebsite oder bei einem Verdacht auf eine andere unerlaubte oder missbr\u00e4uchliche\nWebsite-Nutzung wird die IP-Adresse sowie die anderen Daten zur Aufkl\u00e4rung und\nAbwehr ausgewertet und gegebenenfalls im Rahmen eines Strafverfahrens zur\nIdentifikation und zum zivil- und strafrechtlichen Vorgehen gegen die\nbetreffenden Nutzer verwendet.&nbsp;<br>\n              <br>Schliesslich setzen wir beim Besuch unserer Website Cookies\nsowie Anwendungen und Hilfsmittel ein, welche auf dem Einsatz von Cookies\nbasieren. In diesem Zusammenhang k\u00f6nnen die hier beschriebenen Daten ebenfalls\nverarbeitet werden. N\u00e4here Angaben hierzu finden Sie in den weiteren nachfolgenden\nAbschnitten dieser Datenschutzerkl\u00e4rung.&nbsp;<br>\n              <br>\n              <span style=\"font-weight: 700;\">7. Cookies&nbsp;<\/span>\n              <br>Cookies sind Informationsdateien, die Ihr Webbrowser auf der\nFestplatte oder dem Arbeitsspeicher Ihres Computers speichert, wenn Sie unsere\nWebsite besuchen. Cookies werden Identifikationsnummern zugewiesen, \u00fcber die\nIhr Browser identifiziert wird und die im Cookie enthaltenen Informationen\nausgelesen werden k\u00f6nnen.&nbsp;<br>\n              <br>Cookies helfen unter anderem, Ihren Besuch auf unserer\nWebsite einfacher, angenehmer und sinnvoller zu gestalten. Wir setzen Cookies\nzu verschiedenen Zwecken ein, die f\u00fcr die von Ihnen gew\u00fcnschte Nutzung der\nWebsite erforderlich, d.h. \"technisch notwendig\" sind. Beispielsweise\nverwenden wir Cookies, um Sie nach einem Login als registrierten Benutzer\nidentifizieren zu k\u00f6nnen, ohne dass Sie sich beim Navigieren auf den\nverschiedenen Unterseiten jeweils erneut einloggen m\u00fcssen. Auch die\nBereitstellung der Warenkorb- und Bestell-Funktion basiert auf dem Einsatz von\nCookies. Ferner \u00fcbernehmen Cookies auch weitere f\u00fcr den Betrieb der Website\nerforderliche technische Funktionen, wie das sog. Load Balancing, also die\nVerteilung der Leistungslast der Seite auf verschiedene Webserver, um die\nServer zu entlasten. Cookies gelangen auch zu Sicherheitszwecken zum Einsatz, um\nbspw. das unerlaubte Posten von Inhalten zu unterbinden. Schliesslich setzen\nwir Cookies auch im Rahmen der Gestaltung und Programmierung unserer Website\nein, bspw. um das Hochladen von Scripts oder Codes zu erm\u00f6glichen.&nbsp;<br>\n              <br>Die meisten Internet-Browser akzeptieren Cookies\nautomatisch. Sie k\u00f6nnen Ihren Browser so konfigurieren, dass keine Cookies auf\nIhrem Computer gespeichert werden oder stets ein Hinweis erscheint, wenn Sie\nein neues Cookie erhalten. Auf den nachfolgenden Seiten finden Sie\nErl\u00e4uterungen, wie Sie die Verarbeitung von Cookies bei ausgew\u00e4hlten Browsern\nkonfigurieren k\u00f6nnen:&nbsp;<br>Microsoft Windows&nbsp;<br>Internet Explorer&nbsp;<br>Microsoft Windows Internet Explorer&nbsp;<br>Mobile\nMozilla Firefox\nGoogle Chrome f\u00fcr Desktop&nbsp;<br>Google Chrome f\u00fcr Mobile\nApple Safari f\u00fcr Desktop&nbsp;<br>Apple Safari f\u00fcr Mobile&nbsp;<br>\n              <br>Die Deaktivierung von Cookies kann dazu f\u00fchren, dass Sie\nnicht alle Funktionen unserer Website nutzen k\u00f6nnen.&nbsp;<br>\n              <br>\n              <span style=\"font-weight: 700;\">8. Google SiteSearch \/ Google Custom Search Engine<\/span>&nbsp;<br>Auf unserer Website wird die Google SiteSearch\/Google Custom\nSearch Engine der Google LLC (1600 Amphitheatre Parkway, Mountain View, CA\n94043, USA) genutzt. Dies erm\u00f6glicht uns, Ihnen auf unserer Website eine\neffiziente Suchfunktion bereitzustellen.&nbsp;<br>\n              <br>Bei Verwendung unserer Suchfelder \u00fcbermittelt Ihr Browser\ngegebenenfalls Logfile-Daten (inkl.\nIP-Adresse) sowie den von Ihnen eigegebenen Suchbegriff an Google, sofern Sie\nin Ihrem Browser JavaScript installiert haben. Sofern Sie die Daten\u00fcbermittlung\nunterbinden m\u00f6chten, k\u00f6nnen Sie JavaScript in den Browsereinstellungen (in der\nRegel im Men\u00fc \"Datenschutz\") deaktivieren. Bitte beachten Sie, dass\ndie Suchfunktion und andere Funktionen der Website in diesem Fall wom\u00f6glich\nbeeintr\u00e4chtigt ist.&nbsp;<br>\n              <br>F\u00fcr die Weiterbearbeitung der Daten durch Google beachten\nSie bitte die Datenschutzbestimmungen von&nbsp;Google auf deren Homepage.&nbsp;<br>\n              <br>\n              <span style=\"font-weight: 700;\">9. Tracking- und Webanalyse-Tools<\/span>&nbsp;<br>Zum Zwecke der bedarfsgerechten Gestaltung und fortlaufenden\nOptimierung unserer Website nutzen wir die nachfolgend aufgef\u00fchrten\nWebanalyse-Dienste. In diesem Zusammenhang werden pseudonymisierte\nNutzungsprofile erstellt und Cookies verwendet. Die durch das Cookie erzeugten\nInformationen \u00fcber Ihre Benutzung dieser Website werden in der Regel zusammen\nmit den aufgef\u00fchrten Logfile-Daten an einen Server des\nDienste-Anbieters \u00fcbertragen, dort gespeichert und aufbereitet.&nbsp;Hierbei kann es\nauch zu einer \u00dcbertragung an Server im Ausland, z.B. den USA, kommen.&nbsp;<br>\n              <br>Durch die Aufbereitung der Daten erhalten wir unter anderem\nfolgende Informationen:&nbsp;<br>Navigationspfad, den ein Besucher auf der Site beschreitet,<br>Verweildauer auf der Website oder Unterseite,&nbsp;<br>die Unterseite, auf welcher die Website verlassen wird,&nbsp;<br>das Land, die Region oder die Stadt, von wo ein Zugriff\nerfolgt,&nbsp;<br>&nbsp;Endger\u00e4t (Typ, Version, Farbtiefe, Aufl\u00f6sung, Breite und\nH\u00f6he des Browserfensters)<br>&nbsp;Wiederkehrender oder neuer Besucher.&nbsp;&nbsp;<br>\n            <\/p>\n          <\/div>\n        <\/div>\n      <\/div>\n    <\/section>\n    \n    \n    \n    \n  \n<\/div>","protected":false},"excerpt":{"rendered":"<p>datenschutzerkl\u00e4rung 1. Verantwortlicher und Inhalt dieser Datenschutzerkl\u00e4rung&nbsp; Wir, die Furber AG, sind Betreiberin der Websites www.furber.ch, www.furberproducts.ch, www.onitproducts.ch, www.koorproducts.ch, www.krafterproducts.ch und www.coconproducts.ch und sind, soweit dies nicht anders angegeben wird, verantwortlich f\u00fcr die in dieser Datenschutzerkl\u00e4rung aufgef\u00fchrten Datenbearbeitungen.&nbsp; Damit Sie wissen, welche personenbezogenen Daten wir von Ihnen erheben und f\u00fcr welche Zwecke wir sie verwenden,&hellip; <a class=\"more-link\" href=\"https:\/\/www.onitproducts.ch\/?page_id=1732\"><span class=\"screen-reader-text\">Datenschutzerkl\u00e4rung<\/span> weiterlesen<\/a><\/p>\n","protected":false},"author":5,"featured_media":0,"parent":0,"menu_order":0,"comment_status":"closed","ping_status":"closed","template":"","meta":{"footnotes":""},"class_list":["post-1732","page","type-page","status-publish","hentry","entry"],"jetpack_sharing_enabled":true,"_links":{"self":[{"href":"https:\/\/www.onitproducts.ch\/index.php?rest_route=\/wp\/v2\/pages\/1732","targetHints":{"allow":["GET"]}}],"collection":[{"href":"https:\/\/www.onitproducts.ch\/index.php?rest_route=\/wp\/v2\/pages"}],"about":[{"href":"https:\/\/www.onitproducts.ch\/index.php?rest_route=\/wp\/v2\/types\/page"}],"author":[{"embeddable":true,"href":"https:\/\/www.onitproducts.ch\/index.php?rest_route=\/wp\/v2\/users\/5"}],"replies":[{"embeddable":true,"href":"https:\/\/www.onitproducts.ch\/index.php?rest_route=%2Fwp%2Fv2%2Fcomments&post=1732"}],"version-history":[{"count":2,"href":"https:\/\/www.onitproducts.ch\/index.php?rest_route=\/wp\/v2\/pages\/1732\/revisions"}],"predecessor-version":[{"id":1949,"href":"https:\/\/www.onitproducts.ch\/index.php?rest_route=\/wp\/v2\/pages\/1732\/revisions\/1949"}],"wp:attachment":[{"href":"https:\/\/www.onitproducts.ch\/index.php?rest_route=%2Fwp%2Fv2%2Fmedia&parent=1732"}],"curies":[{"name":"wp","href":"https:\/\/api.w.org\/{rel}","templated":true}]}}