{"id":1786,"date":"2023-09-20T09:16:58","date_gmt":"2023-09-20T09:16:58","guid":{"rendered":"https:\/\/www.onitproducts.ch\/?page_id=1786"},"modified":"2025-05-05T12:31:00","modified_gmt":"2025-05-05T12:31:00","slug":"hauptseite-neu","status":"publish","type":"page","link":"https:\/\/www.onitproducts.ch\/","title":{"rendered":"Hauptseite"},"content":{"rendered":"<div class=\"\" style=\"\" >\n    \n    <section class=\"u-clearfix u-hidden-xs u-section-2\" id=\"sec-4107\">\n      <div class=\"u-clearfix u-sheet u-sheet-1\">\n        <img decoding=\"async\" class=\"u-image u-image-contain u-image-default u-image-1\" src=\"https:\/\/www.onitproducts.ch\/wp-content\/uploads\/2022\/10\/onit.jpg\" alt=\"\" data-image-width=\"2362\" data-image-height=\"1047\" data-href=\"https:\/\/www.onitproducts.ch\/?page_id=1786&amp;\">\n        <h1 class=\"u-custom-font u-font-open-sans u-text u-text-default-lg u-text-default-md u-text-default-xl u-title u-text-1\">\n          <a class=\"u-btn u-button-link u-button-style u-custom-font u-font-open-sans u-text-body-color u-btn-1\" href=\"https:\/\/www.onitproducts.ch\/?page_id=1649&amp;\">Kabel &amp; Charging<\/a>\n        <\/h1>\n        <h1 class=\"u-custom-font u-font-open-sans u-text u-text-default u-title u-text-2\">\n          <a class=\"u-btn u-button-link u-button-style u-custom-font u-font-open-sans u-text-body-color u-btn-2\" href=\"https:\/\/www.onitproducts.ch\/?page_id=1904&amp;\">Zubeh\u00f6r<\/a>\n        <\/h1>\n        <h1 class=\"u-custom-font u-font-open-sans u-text u-text-default u-title u-text-3\">\n          <a class=\"u-btn u-button-link u-button-style u-custom-font u-font-open-sans u-text-body-color u-btn-3\" href=\"https:\/\/www.onitproducts.ch\/?page_id=1898&amp;\">Arbeitsplatz<\/a>\n        <\/h1>\n        <h1 class=\"u-custom-font u-font-open-sans u-text u-text-default u-title u-text-4\">\n          <a class=\"u-btn u-button-link u-button-style u-custom-font u-font-open-sans u-text-body-color u-btn-4\" href=\"https:\/\/www.onitproducts.ch\/?page_id=1906&amp;\">Taschen &amp; Rucks\u00e4cke<\/a>\n        <\/h1>\n      <\/div>\n    <\/section>\n    <section class=\"u-clearfix u-image u-shading u-section-3\" id=\"sec-5a04\" data-image-width=\"3277\" data-image-height=\"2186\" style=\"background-image: linear-gradient(0deg, rgba(0, 0, 0, 0.4), rgba(0, 0, 0, 0.4)), url(&quot;https:\/\/www.onitproducts.ch\/wp-content\/uploads\/2023\/09\/tasche-header-klein-scaled.jpg&quot;);\">\n      <div class=\"u-clearfix u-sheet u-sheet-1\">\n        <div id=\"carousel-2998\" data-interval=\"5000\" data-u-ride=\"carousel\" class=\"u-carousel u-expanded-width-sm u-expanded-width-xs u-slider u-slider-1\">\n          <ol class=\"u-carousel-indicators u-hidden u-opacity u-opacity-55 u-carousel-indicators-1\">\n            <li data-u-target=\"#carousel-2998\" class=\"u-active u-border-1 u-border-white u-shape-circle u-white\" data-u-slide-to=\"0\" style=\"height: 10px; width: 10px;\"><\/li>\n            <li data-u-target=\"#carousel-2998\" class=\"u-border-1 u-border-white u-shape-circle u-white\" data-u-slide-to=\"1\" style=\"height: 10px; width: 10px;\"><\/li>\n            <li data-u-target=\"#carousel-2998\" class=\"u-border-1 u-border-white u-shape-circle u-white\" data-u-slide-to=\"2\" style=\"height: 10px; width: 10px;\"><\/li>\n            <li data-u-target=\"#carousel-2998\" class=\"u-border-1 u-border-white u-shape-circle u-white\" data-u-slide-to=\"3\" style=\"height: 10px; width: 10px;\"><\/li>\n          <\/ol>\n          <div class=\"u-carousel-inner\" role=\"listbox\">\n            <div class=\"u-active u-align-left u-carousel-item u-container-style u-shape-rectangle u-slide\">\n              <div class=\"u-container-layout u-container-layout-1\">\n                <h2 class=\"u-color-scheme-u10 u-color-style-multicolor-1 u-custom-font u-font-open-sans u-text u-text-body-alt-color u-text-1\">Arbeitsplatz<\/h2>\n                <p class=\"u-custom-font u-font-open-sans u-large-text u-text u-text-body-alt-color u-text-variant u-text-2\"> Entdecken Sie unsere umfangreiche Auswahl an hochwertigen\nProdukten f\u00fcr Ihren Arbeitsplatz - von ergonomischen B\u00fcrost\u00fchlen bis hin zu\npraktischen Dockingstations.&nbsp;&nbsp;<\/p>\n                <a href=\"https:\/\/www.onitproducts.ch\/?page_id=1898&amp;\" class=\"u-border-2 u-border-white u-btn u-button-style u-custom-font u-font-open-sans u-hover-white u-text-active-grey-40 u-text-body-alt-color u-text-hover-grey-40 u-btn-1\">Zur Kategorie<\/a>\n              <\/div>\n            <\/div>\n            <div class=\"u-align-left u-carousel-item u-container-style u-shape-rectangle u-slide\">\n              <div class=\"u-container-layout u-container-layout-2\">\n                <h2 class=\"u-color-scheme-u10 u-color-style-multicolor-1 u-custom-font u-font-open-sans u-text u-text-body-alt-color u-text-3\">Taschen &amp; Rucks\u00e4cke<\/h2>\n                <p class=\"u-custom-font u-font-open-sans u-large-text u-text u-text-body-alt-color u-text-variant u-text-4\"> Hochwertige recycelte Materialien \u2013 erstklassig verarbeitet.\nSo sind Laptop, Tablet und Zubeh\u00f6r tagein, tagaus rundum gesch\u00fctzt. Sicher und\npraktisch durch den Alltag und jederzeit einsatzbereit. <\/p>\n                <a href=\"https:\/\/www.onitproducts.ch\/?page_id=1906&amp;\" class=\"u-border-2 u-border-white u-btn u-button-style u-custom-font u-font-open-sans u-hover-white u-text-active-grey-40 u-text-body-alt-color u-text-hover-grey-40 u-btn-2\">Zur kategorie<\/a>\n              <\/div>\n            <\/div>\n            <div class=\"u-align-left u-carousel-item u-container-style u-shape-rectangle u-slide\">\n              <div class=\"u-container-layout u-container-layout-3\">\n                <h2 class=\"u-color-scheme-u10 u-color-style-multicolor-1 u-custom-font u-font-open-sans u-text u-text-body-alt-color u-text-5\"> Kabel &amp; Charging<\/h2>\n                <p class=\"u-custom-font u-font-open-sans u-large-text u-text u-text-body-alt-color u-text-variant u-text-6\"> Unsere\nKabel bieten eine schnelle und zuverl\u00e4ssige \u00dcbertragung von Daten sowie eine\nschnelle Aufladung Ihrer Ger\u00e4te. Verabschieden Sie sich von leeren Akkus und\nentdecken Sie die Leistungsf\u00e4higkeit unserer Kabel und Ladeger\u00e4te.<br><!--[endif]-->\n                <\/p>\n                <a href=\"https:\/\/www.onitproducts.ch\/?page_id=1649&amp;\" class=\"u-border-2 u-border-white u-btn u-button-style u-custom-font u-font-open-sans u-hover-white u-text-active-grey-40 u-text-body-alt-color u-text-hover-grey-40 u-btn-3\">Zur Kategorie<\/a>\n              <\/div>\n            <\/div>\n            <div class=\"u-align-left u-carousel-item u-container-style u-shape-rectangle u-slide\">\n              <div class=\"u-container-layout u-container-layout-4\">\n                <h2 class=\"u-color-scheme-u10 u-color-style-multicolor-1 u-custom-font u-font-open-sans u-text u-text-body-alt-color u-text-7\">Zubeh\u00f6r<\/h2>\n                <p class=\"u-custom-font u-font-open-sans u-large-text u-text u-text-body-alt-color u-text-variant u-text-8\"> Vielseitig einsetzbare Gadgets, auf die man sich immer und\n\u00fcberall verlassen kann. Zeitloses Design f\u00fcr zu Hause oder im B\u00fcro \u2013 schlicht,\neinfach und zuverl\u00e4ssig. <\/p>\n                <a href=\"https:\/\/www.onitproducts.ch\/?page_id=1904&amp;\" class=\"u-border-2 u-border-white u-btn u-button-style u-custom-font u-font-open-sans u-hover-white u-text-active-grey-40 u-text-body-alt-color u-text-hover-grey-40 u-btn-4\">zur kategorie<\/a>\n              <\/div>\n            <\/div>\n          <\/div>\n          <a class=\"u-absolute-vcenter u-carousel-control u-carousel-control-prev u-hidden-xs u-hover-white u-spacing-10 u-text-body-alt-color u-text-hover-grey-40 u-carousel-control-1\" href=\"#carousel-2998\" role=\"button\" data-u-slide=\"prev\">\n            <span aria-hidden=\"true\">\n              <svg viewBox=\"0 0 256 256\"><g><polygon points=\"207.093,30.187 176.907,0 48.907,128 176.907,256 207.093,225.813 109.28,128\"><\/polygon>\n<\/g><\/svg>\n            <\/span>\n            <span class=\"sr-only\">\n              <svg viewBox=\"0 0 256 256\"><g><polygon points=\"207.093,30.187 176.907,0 48.907,128 176.907,256 207.093,225.813 109.28,128\"><\/polygon>\n<\/g><\/svg>\n            <\/span>\n          <\/a>\n          <a class=\"u-absolute-vcenter u-carousel-control u-carousel-control-next u-hidden-xs u-hover-white u-spacing-10 u-text-body-alt-color u-text-hover-grey-40 u-carousel-control-2\" href=\"#carousel-2998\" role=\"button\" data-u-slide=\"next\">\n            <span aria-hidden=\"true\">\n              <svg viewBox=\"0 0 306 306\"><g id=\"chevron-right\"><polygon points=\"94.35,0 58.65,35.7 175.95,153 58.65,270.3 94.35,306 247.35,153\"><\/polygon>\n<\/g><\/svg>\n            <\/span>\n            <span class=\"sr-only\">\n              <svg viewBox=\"0 0 306 306\"><g id=\"chevron-right\"><polygon points=\"94.35,0 58.65,35.7 175.95,153 58.65,270.3 94.35,306 247.35,153\"><\/polygon>\n<\/g><\/svg>\n            <\/span>\n          <\/a>\n        <\/div>\n      <\/div>\n    <\/section>\n    <section class=\"u-clearfix u-section-4\" id=\"sec-f6f8\">\n      <div class=\"u-clearfix u-sheet u-valign-middle-lg u-valign-middle-xl u-sheet-1\">\n        <div class=\"data-layout-selected u-clearfix u-expanded-width-md u-expanded-width-sm u-expanded-width-xs u-layout-wrap u-layout-wrap-1\">\n          <div class=\"u-layout\">\n            <div class=\"u-layout-row\">\n              <div class=\"u-container-style u-hidden-md u-hidden-sm u-hidden-xs u-image u-layout-cell u-shading u-size-22 u-image-1\" data-image-width=\"3648\" data-image-height=\"5472\" data-animation-name=\"customAnimationIn\" data-animation-duration=\"1000\" style=\"background-image: linear-gradient(0deg, rgba(0, 0, 0, 0.15), rgba(0, 0, 0, 0.15)), url(&quot;https:\/\/www.onitproducts.ch\/wp-content\/uploads\/2023\/09\/AdobeStock_621063851-scaled-1.jpeg&quot;);\">\n                <div class=\"u-container-layout u-container-layout-1\"><\/div>\n              <\/div>\n              <div class=\"u-container-style u-layout-cell u-size-38 u-white u-layout-cell-2\" data-animation-name=\"customAnimationIn\" data-animation-duration=\"1000\">\n                <div class=\"u-container-layout u-container-layout-2\">\n                  <div class=\"u-container-style u-expanded-width-lg u-expanded-width-sm u-expanded-width-xs u-grey-5 u-group u-opacity u-opacity-75 u-shape-rectangle u-group-1\" data-animation-name=\"customAnimationIn\" data-animation-duration=\"750\">\n                    <div class=\"u-container-layout u-valign-bottom-sm u-container-layout-3\">\n                      <h3 class=\"u-align-left u-custom-font u-font-open-sans u-text u-text-1\">Unsere M\u200bisson<\/h3>\n                      <p class=\"u-align-left u-custom-font u-font-open-sans u-text u-text-2\"> IT-Zubeh\u00f6r anbieten, das den hohen Anforderungen der Schweizer Kundschaft gerecht wird: technisch am Puls der Zeit, qualitativ hochstehend, zu einem attraktiven und fairen Preis. Das sind die Ambitionen von onit, der neuen Marke im Schweizer ICT-Markt.<br>\n                        <br> Mit onit erweitert die FURBER AG, die Teil der Firmengruppe Competec ist, ihr Markenportfolio. Erfahrene Profis entwickeln mit Leidenschaft, Know-how und einer gesunden Portion Pioniergeist ein umfangreiches Sortiment, bei dem f\u00fcr alle etwas dabei ist: Business-Kunden, Nerds und Normalos.<br>\n                        <br>Aktuell umfasst das Angebot eine Vielzahl von Kabeln,<br>Adaptern und Ladeger\u00e4ten, Powerbanks, USB-Hubs und Handyhalterungen, Tastaturen und M\u00e4usen sowie Taschen und H\u00fcllen f\u00fcr Notebooks. Weitere Produkte sind in der Pipeline und werden die Palette laufend erg\u00e4nzen. Was gleich bleiben wird, ist das herausragende Preis-Leistungs-Verh\u00e4ltnis.\n                      <\/p>\n                    <\/div>\n                  <\/div>\n                <\/div>\n              <\/div>\n            <\/div>\n          <\/div>\n        <\/div>\n        <img decoding=\"async\" class=\"u-hidden-lg u-hidden-md u-hidden-sm u-hidden-xl u-image u-image-contain u-image-default u-image-2\" src=\"https:\/\/www.onitproducts.ch\/wp-content\/uploads\/2022\/10\/onit.jpg\" alt=\"\" data-image-width=\"2362\" data-image-height=\"1047\" data-href=\"https:\/\/www.onitproducts.ch\/?page_id=1786&amp;\">\n        <h1 class=\"u-custom-font u-font-open-sans u-hidden-lg u-hidden-md u-hidden-sm u-hidden-xl u-text u-text-default-lg u-text-default-md u-text-default-xl u-title u-text-3\">\n          <a class=\"u-btn u-button-link u-button-style u-custom-font u-font-open-sans u-text-body-color u-btn-1\" href=\"https:\/\/www.onitproducts.ch\/?page_id=1649&amp;\">Kabel &amp; Charging<\/a>\n        <\/h1>\n        <h1 class=\"u-custom-font u-font-open-sans u-hidden-lg u-hidden-md u-hidden-sm u-hidden-xl u-text u-text-default u-title u-text-4\">\n          <a class=\"u-btn u-button-link u-button-style u-custom-font u-font-open-sans u-text-body-color u-btn-2\" href=\"https:\/\/www.onitproducts.ch\/?page_id=1898&amp;\">Arbeitsplatz<\/a>\n        <\/h1>\n        <h1 class=\"u-custom-font u-font-open-sans u-text u-text-default u-title u-text-5\">\n          <a class=\"u-btn u-button-link u-button-style u-custom-font u-font-open-sans u-hidden-lg u-hidden-md u-hidden-sm u-hidden-xl u-text-body-color u-btn-3\" href=\"https:\/\/www.onitproducts.ch\/?page_id=1906&amp;\">Taschen &amp; Rucks\u00e4cke<\/a>\n        <\/h1>\n        <h1 class=\"u-custom-font u-font-open-sans u-text u-text-default u-title u-text-6\">\n          <a class=\"u-btn u-button-link u-button-style u-custom-font u-font-open-sans u-hidden-lg u-hidden-md u-hidden-sm u-hidden-xl u-text-body-color u-btn-4\" href=\"https:\/\/www.onitproducts.ch\/?page_id=1904&amp;\">Zubeh\u00f6r<\/a>\n        <\/h1>\n      <\/div>\n    <\/section>\n    \n    \n    \n    \n  \n<\/div>","protected":false},"excerpt":{"rendered":"<p>Kabel &amp; Charging Zubeh\u00f6r Arbeitsplatz Taschen &amp; Rucks\u00e4cke Arbeitsplatz Entdecken Sie unsere umfangreiche Auswahl an hochwertigen Produkten f\u00fcr Ihren Arbeitsplatz &#8211; von ergonomischen B\u00fcrost\u00fchlen bis hin zu praktischen Dockingstations.&nbsp;&nbsp; Zur Kategorie Taschen &amp; Rucks\u00e4cke Hochwertige recycelte Materialien \u2013 erstklassig verarbeitet. So sind Laptop, Tablet und Zubeh\u00f6r tagein, tagaus rundum gesch\u00fctzt. Sicher und praktisch durch den&hellip; <a class=\"more-link\" href=\"https:\/\/www.onitproducts.ch\/\"><span class=\"screen-reader-text\">Hauptseite<\/span> weiterlesen<\/a><\/p>\n","protected":false},"author":5,"featured_media":0,"parent":0,"menu_order":0,"comment_status":"closed","ping_status":"closed","template":"","meta":{"footnotes":""},"class_list":["post-1786","page","type-page","status-publish","hentry","entry"],"jetpack_sharing_enabled":true,"_links":{"self":[{"href":"https:\/\/www.onitproducts.ch\/index.php?rest_route=\/wp\/v2\/pages\/1786","targetHints":{"allow":["GET"]}}],"collection":[{"href":"https:\/\/www.onitproducts.ch\/index.php?rest_route=\/wp\/v2\/pages"}],"about":[{"href":"https:\/\/www.onitproducts.ch\/index.php?rest_route=\/wp\/v2\/types\/page"}],"author":[{"embeddable":true,"href":"https:\/\/www.onitproducts.ch\/index.php?rest_route=\/wp\/v2\/users\/5"}],"replies":[{"embeddable":true,"href":"https:\/\/www.onitproducts.ch\/index.php?rest_route=%2Fwp%2Fv2%2Fcomments&post=1786"}],"version-history":[{"count":6,"href":"https:\/\/www.onitproducts.ch\/index.php?rest_route=\/wp\/v2\/pages\/1786\/revisions"}],"predecessor-version":[{"id":1973,"href":"https:\/\/www.onitproducts.ch\/index.php?rest_route=\/wp\/v2\/pages\/1786\/revisions\/1973"}],"wp:attachment":[{"href":"https:\/\/www.onitproducts.ch\/index.php?rest_route=%2Fwp%2Fv2%2Fmedia&parent=1786"}],"curies":[{"name":"wp","href":"https:\/\/api.w.org\/{rel}","templated":true}]}}