{"id":1904,"date":"2023-09-20T12:13:46","date_gmt":"2023-09-20T12:13:46","guid":{"rendered":"https:\/\/www.onitproducts.ch\/?page_id=1904"},"modified":"2023-12-11T10:06:24","modified_gmt":"2023-12-11T10:06:24","slug":"unterseite-zubehoer","status":"publish","type":"page","link":"https:\/\/www.onitproducts.ch\/?page_id=1904","title":{"rendered":"Unterseite &#8211; Zubeh\u00f6r"},"content":{"rendered":"<div class=\"\" style=\"\" >\n    \n    <section class=\"u-clearfix u-image u-section-2\" id=\"sec-1216\" data-image-width=\"3277\" data-image-height=\"2186\" style=\"background-image: url(&quot;https:\/\/www.onitproducts.ch\/wp-content\/uploads\/2023\/09\/zubehr-header-klein-scaled.jpg&quot;);\">\n      <div class=\"u-clearfix u-sheet u-valign-middle u-sheet-1\">\n        <h2 class=\"u-custom-font u-font-open-sans u-subtitle u-text u-text-default u-text-white u-text-1\">Zubeh\u00f6r<\/h2>\n      <\/div>\n    <\/section>\n    <section class=\"u-clearfix u-section-3\" id=\"sec-82b4\">\n      <div class=\"u-clearfix u-sheet u-sheet-1\">\n        <div class=\"u-container-style u-expanded-width u-group u-hidden-xs u-group-1\">\n          <div class=\"u-container-layout u-valign-middle-xl u-container-layout-1\">\n            <div class=\"u-container-style u-expanded-width-lg u-expanded-width-md u-grey-5 u-group u-opacity u-opacity-75 u-shape-rectangle u-group-2\" data-animation-name=\"customAnimationIn\" data-animation-duration=\"1000\">\n              <div class=\"u-container-layout u-container-layout-2\">\n                <h2 class=\"u-custom-font u-font-open-sans u-subtitle u-text u-text-1\"> Adapter<br><!--[endif]-->\n                <\/h2>\n                <p class=\"u-custom-font u-font-open-sans u-large-text u-text u-text-variant u-text-2\"> Verabschieden Sie sich von Kabelsalat und inkompatiblen\nAnschl\u00fcssen - unsere Adapter bieten Ihnen die perfekte L\u00f6sung, um Ihre Ger\u00e4te\nreibungslos und effizient zu verbinden. <\/p>\n                <a href=\"https:\/\/www.brack.ch\/search?filter%5BfacetManufacturerName%5D%5B%5D=onit&amp;active_search=true&amp;query=adapter\" class=\"u-border-1 u-border-active-grey-50 u-border-grey-25 u-border-hover-grey-50 u-btn u-button-style u-custom-font u-font-open-sans u-hover-white u-text-hover-grey-40 u-white u-btn-1\" target=\"_blank\">zu den produkten<\/a>\n              <\/div>\n            <\/div>\n            <img decoding=\"async\" class=\"u-expanded-height-xl u-image u-image-default u-image-1\" src=\"https:\/\/www.onitproducts.ch\/wp-content\/uploads\/2023\/09\/zubehr_adapter.jpg\" alt=\"\" data-image-width=\"800\" data-image-height=\"800\" data-animation-name=\"customAnimationIn\" data-animation-duration=\"1000\">\n          <\/div>\n        <\/div>\n        <div class=\"u-container-style u-expanded-width u-group u-hidden-lg u-hidden-md u-hidden-sm u-hidden-xl u-group-3\">\n          <div class=\"u-container-layout u-valign-middle-xl u-container-layout-3\">\n            <img decoding=\"async\" class=\"u-expanded-height-xl u-image u-image-default u-image-2\" src=\"https:\/\/www.onitproducts.ch\/wp-content\/uploads\/2023\/09\/zubehr_adapter.jpg\" alt=\"\" data-image-width=\"800\" data-image-height=\"800\" data-animation-name=\"customAnimationIn\" data-animation-duration=\"1000\">\n            <div class=\"u-container-style u-expanded-width-lg u-expanded-width-md u-grey-5 u-group u-opacity u-opacity-75 u-shape-rectangle u-group-4\" data-animation-name=\"customAnimationIn\" data-animation-duration=\"1000\">\n              <div class=\"u-container-layout u-valign-middle-lg u-container-layout-4\">\n                <h2 class=\"u-custom-font u-font-open-sans u-subtitle u-text u-text-default-lg u-text-default-md u-text-default-sm u-text-default-xl u-text-3\"> Adapter<br><!--[endif]-->\n                <\/h2>\n                <p class=\"u-custom-font u-font-open-sans u-large-text u-text u-text-variant u-text-4\"> Verabschieden Sie sich von Kabelsalat und inkompatiblen\nAnschl\u00fcssen - unsere Adapter bieten Ihnen die perfekte L\u00f6sung, um Ihre Ger\u00e4te\nreibungslos und effizient zu verbinden. <\/p>\n                <a href=\"https:\/\/www.brack.ch\/search?filter%5BfacetManufacturerName%5D%5B%5D=onit&amp;active_search=true&amp;query=adapter\" class=\"u-border-1 u-border-active-grey-50 u-border-grey-25 u-border-hover-grey-50 u-btn u-button-style u-custom-font u-font-open-sans u-hover-white u-text-hover-grey-40 u-white u-btn-2\" target=\"_blank\">zu den produkten<\/a>\n              <\/div>\n            <\/div>\n          <\/div>\n        <\/div>\n        <div class=\"u-container-style u-expanded-width-lg u-expanded-width-md u-expanded-width-sm u-expanded-width-xs u-group u-hidden-lg u-hidden-md u-hidden-sm u-hidden-xl u-group-5\">\n          <div class=\"u-container-layout u-valign-middle-lg u-valign-middle-md u-valign-middle-xl u-container-layout-5\">\n            <div class=\"u-container-style u-expanded-width-lg u-expanded-width-md u-expanded-width-xs u-group u-hover-feature u-opacity u-opacity-75 u-shape-rectangle u-grey-5 u-group-6\" data-animation-name=\"customAnimationIn\" data-animation-duration=\"1000\">\n              <div class=\"u-container-layout u-valign-middle-lg u-valign-middle-md u-valign-middle-sm u-container-layout-6\">\n                <h2 class=\"u-custom-font u-font-open-sans u-subtitle u-text u-text-default-lg u-text-default-md u-text-default-sm u-text-default-xl u-text-5\"> Halterungen<br><!--[endif]-->\n                <\/h2>\n                <p class=\"u-custom-font u-font-open-sans u-hidden-md u-large-text u-text u-text-variant u-text-6\"> Ob Auto, Velo oder E-Bike: Auch wenn es einmal holprig wird,\nhalten die robusten und gleichzeitig stylishen&nbsp;Halterungen das Smartphone\nstets sicher in Position. <\/p>\n                <a href=\"https:\/\/www.brack.ch\/it-multimedia\/handy-telefonie\/smartphone-zubehoer\/halterungen?query=onit\" class=\"u-border-1 u-border-active-grey-50 u-border-grey-25 u-border-hover-grey-50 u-btn u-button-style u-custom-font u-font-open-sans u-hover-white u-text-hover-grey-40 u-white u-btn-3\" target=\"_blank\">zu den produkten<\/a>\n                <p class=\"u-custom-font u-font-open-sans u-hidden-lg u-hidden-sm u-hidden-xl u-hidden-xs u-large-text u-text u-text-variant u-text-7\"> F\u00fcr Geniesser und Koffein-Junkies gleichermassen garantiert eine breite Palette an praktischen und formsch\u00f6nen Helfern und Gadgets maximalen Tee-&nbsp;<br>und Kaffeegenuss.\n                <\/p>\n              <\/div>\n            <\/div>\n            <img decoding=\"async\" class=\"u-expanded-height-lg u-expanded-height-md u-expanded-height-xl u-expanded-width-xs u-image u-image-default u-image-3\" src=\"https:\/\/www.onitproducts.ch\/wp-content\/uploads\/2023\/09\/zubehr_Halterungen-2-scaled.jpeg\" alt=\"\" data-image-width=\"3000\" data-image-height=\"2000\" data-animation-name=\"customAnimationIn\" data-animation-duration=\"1000\">\n          <\/div>\n        <\/div>\n        <div class=\"u-align-left-xs u-container-style u-expanded-width u-group u-hidden u-group-7\">\n          <div class=\"u-container-layout u-valign-middle-sm u-valign-middle-xl u-container-layout-7\">\n            <div class=\"u-container-style u-expanded-width-xs u-grey-5 u-group u-opacity u-opacity-75 u-shape-rectangle u-group-8\" data-animation-name=\"customAnimationIn\" data-animation-duration=\"1000\">\n              <div class=\"u-container-layout u-valign-middle-xl u-container-layout-8\">\n                <h2 class=\"u-custom-font u-font-open-sans u-hidden-lg u-hidden-md u-hidden-xs u-subtitle u-text u-text-8\"> Lebensmittel-aufbewahrung<\/h2>\n                <p class=\"u-custom-font u-font-open-sans u-hidden-sm u-large-text u-text u-text-variant u-text-9\"> Egal\nob lange Telefonkonferenzen oder entspannende Musik-h\u00f6r-Sessions, in unserem Sortiment\nvon Headsets und Kopfh\u00f6rern ist f\u00fcr jede Pr\u00e4ferenz was dabei.<br><!--[endif]-->\n                <\/p>\n                <a href=\"https:\/\/www.brack.ch\/baumarkt-hobby\/energie-elektro\/solar?filter%5BfacetManufacturerName%5D%5B%5D=FURBER.power\" class=\"u-border-1 u-border-active-grey-50 u-border-grey-25 u-border-hover-grey-50 u-btn u-button-style u-custom-font u-font-open-sans u-hover-white u-text-hover-palette-1-base u-white u-btn-4\" target=\"_blank\">zu den produkten<\/a>\n                <h2 class=\"u-custom-font u-font-open-sans u-hidden-sm u-hidden-xl u-subtitle u-text u-text-10\">Headsets<\/h2>\n                <p class=\"u-custom-font u-font-open-sans u-hidden-lg u-hidden-md u-hidden-xl u-hidden-xs u-large-text u-text u-text-variant u-text-11\"> Mit vielseitig einsetzbaren und platz-sparenden Aufbewahrungsbeh\u00e4ltern l\u00e4sst sich die Haltbarkeit von Lebens- mitteln verl\u00e4ngern und gleichzeitig Ordnung in die K\u00fcche bringen.<\/p>\n              <\/div>\n            <\/div>\n            <img decoding=\"async\" class=\"u-expanded-height-sm u-expanded-height-xl u-expanded-width-xs u-image u-image-default u-image-4\" src=\"https:\/\/www.onitproducts.ch\/wp-content\/uploads\/2023\/09\/arbeitsplatz-headset-preview-3.jpeg\" alt=\"\" data-image-width=\"1000\" data-image-height=\"667\" data-animation-name=\"customAnimationIn\" data-animation-duration=\"1000\">\n          <\/div>\n        <\/div>\n        <div class=\"u-container-style u-expanded-width u-group u-hidden u-group-9\">\n          <div class=\"u-container-layout u-valign-middle-sm u-valign-middle-xl u-container-layout-9\">\n            <div class=\"u-container-style u-expanded-width-xs u-grey-5 u-group u-opacity u-opacity-75 u-shape-rectangle u-group-10\" data-animation-name=\"customAnimationIn\" data-animation-duration=\"1000\">\n              <div class=\"u-container-layout u-valign-middle-xl u-container-layout-10\">\n                <h2 class=\"u-custom-font u-font-open-sans u-hidden-lg u-hidden-md u-hidden-xs u-subtitle u-text u-text-12\"> Lebensmittel-aufbewahrung<\/h2>\n                <p class=\"u-custom-font u-font-open-sans u-hidden-sm u-large-text u-text u-text-variant u-text-13\"> Egal\nob lange Telefonkonferenzen oder entspannende Musik-h\u00f6r-Sessions, in unserem Sortiment\nvon Headsets und Kopfh\u00f6rern ist f\u00fcr jede Pr\u00e4ferenz was dabei.<br><!--[endif]-->\n                <\/p>\n                <a href=\"https:\/\/www.brack.ch\/baumarkt-hobby\/energie-elektro\/solar?filter%5BfacetManufacturerName%5D%5B%5D=FURBER.power\" class=\"u-border-1 u-border-active-grey-50 u-border-grey-25 u-border-hover-grey-50 u-btn u-button-style u-custom-font u-font-open-sans u-hover-white u-text-hover-palette-1-base u-white u-btn-5\" target=\"_blank\">zu den produkten<\/a>\n                <h2 class=\"u-custom-font u-font-open-sans u-hidden-sm u-hidden-xl u-subtitle u-text u-text-14\">Headsets<\/h2>\n                <p class=\"u-custom-font u-font-open-sans u-hidden-lg u-hidden-md u-hidden-xl u-hidden-xs u-large-text u-text u-text-variant u-text-15\"> Mit vielseitig einsetzbaren und platz-sparenden Aufbewahrungsbeh\u00e4ltern l\u00e4sst sich die Haltbarkeit von Lebens- mitteln verl\u00e4ngern und gleichzeitig Ordnung in die K\u00fcche bringen.<\/p>\n              <\/div>\n            <\/div>\n            <img decoding=\"async\" class=\"u-expanded-height-sm u-expanded-height-xl u-expanded-width-xs u-image u-image-default u-image-5\" src=\"https:\/\/www.onitproducts.ch\/wp-content\/uploads\/2023\/09\/arbeitsplatz-headset-preview-3.jpeg\" alt=\"\" data-image-width=\"1000\" data-image-height=\"667\" data-animation-name=\"customAnimationIn\" data-animation-duration=\"1000\">\n          <\/div>\n        <\/div>\n      <\/div>\n      \n    <\/section>\n    <section class=\"u-clearfix u-hidden-xs u-section-4\" id=\"sec-89de\">\n      <div class=\"u-clearfix u-sheet u-valign-middle-lg u-valign-middle-md u-valign-middle-sm u-valign-middle-xl u-sheet-1\">\n        <div class=\"u-container-style u-expanded-width-lg u-expanded-width-md u-expanded-width-sm u-expanded-width-xs u-group u-hidden-xs u-group-1\">\n          <div class=\"u-container-layout u-valign-middle-lg u-valign-middle-md u-valign-middle-xl u-container-layout-1\">\n            <div class=\"u-container-style u-expanded-width-lg u-expanded-width-md u-group u-hover-feature u-opacity u-opacity-75 u-shape-rectangle u-grey-5 u-group-2\" data-animation-name=\"customAnimationIn\" data-animation-duration=\"1000\">\n              <div class=\"u-container-layout u-valign-middle-lg u-valign-middle-md u-valign-middle-sm u-valign-middle-xs u-container-layout-2\">\n                <h2 class=\"u-custom-font u-font-open-sans u-subtitle u-text u-text-default u-text-1\"> Halterungen<br><!--[endif]-->\n                <\/h2>\n                <p class=\"u-custom-font u-font-open-sans u-hidden-md u-large-text u-text u-text-variant u-text-2\"> Ob Auto, Velo oder E-Bike: Auch wenn es einmal holprig wird,\nhalten die robusten und gleichzeitig stylishen&nbsp;Halterungen das Smartphone\nstets sicher in Position. <\/p>\n                <a href=\"https:\/\/www.brack.ch\/it-multimedia\/handy-telefonie\/smartphone-zubehoer\/halterungen?query=onit\" class=\"u-border-1 u-border-active-grey-50 u-border-grey-25 u-border-hover-grey-50 u-btn u-button-style u-custom-font u-font-open-sans u-hover-white u-text-hover-grey-40 u-white u-btn-1\" target=\"_blank\">zu den produkten<\/a>\n                <p class=\"u-custom-font u-font-open-sans u-hidden-lg u-hidden-sm u-hidden-xl u-hidden-xs u-large-text u-text u-text-variant u-text-3\"> F\u00fcr Geniesser und Koffein-Junkies gleichermassen garantiert eine breite Palette an praktischen und formsch\u00f6nen Helfern und Gadgets maximalen Tee-&nbsp;<br>und Kaffeegenuss.\n                <\/p>\n              <\/div>\n            <\/div>\n            <img decoding=\"async\" class=\"u-expanded-height-lg u-expanded-height-md u-expanded-height-xl u-image u-image-default u-image-1\" src=\"https:\/\/www.onitproducts.ch\/wp-content\/uploads\/2023\/09\/zubehr_Halterungen-2-scaled.jpeg\" alt=\"\" data-image-width=\"3000\" data-image-height=\"2000\" data-animation-name=\"customAnimationIn\" data-animation-duration=\"1000\">\n          <\/div>\n        <\/div>\n        <div class=\"u-container-style u-expanded-width u-group u-hidden-lg u-hidden-md u-hidden-sm u-hidden-xl u-group-3\">\n          <div class=\"u-container-layout u-valign-middle-xl u-container-layout-3\">\n            <img decoding=\"async\" class=\"u-expanded-height-xl u-image u-image-default u-image-2\" src=\"https:\/\/www.onitproducts.ch\/wp-content\/uploads\/2023\/09\/Arbeitsplatz_peripherie-klein-scaled-4.jpg\" alt=\"\" data-image-width=\"2560\" data-image-height=\"1708\" data-animation-name=\"customAnimationIn\" data-animation-duration=\"1000\">\n            <div class=\"u-container-style u-expanded-width-lg u-expanded-width-md u-grey-5 u-group u-opacity u-opacity-75 u-shape-rectangle u-group-4\" data-animation-name=\"customAnimationIn\" data-animation-duration=\"1000\">\n              <div class=\"u-container-layout u-valign-middle-lg u-container-layout-4\">\n                <h2 class=\"u-custom-font u-font-open-sans u-subtitle u-text u-text-default-lg u-text-default-md u-text-default-sm u-text-default-xl u-text-4\">Peripherie<\/h2>\n                <p class=\"u-custom-font u-font-open-sans u-large-text u-text u-text-variant u-text-5\"> Unauff\u00e4llig und gleichzeitig unverzichtbar: Tastaturen und\nM\u00e4use f\u00fcrs B\u00fcro oder zu Hause, mit denen sich komfortabel arbeiten l\u00e4sst, auch\nwenn der Arbeitstag einmal l\u00e4nger dauert. <\/p>\n                <a href=\"https:\/\/www.brack.ch\/baumarkt-hobby\/energie-elektro\/energieverteilung?filter%5BfacetManufacturerName%5D%5B%5D=FURBER.power\" class=\"u-border-1 u-border-active-grey-50 u-border-grey-25 u-border-hover-grey-50 u-btn u-button-style u-custom-font u-font-open-sans u-hover-white u-text-hover-grey-40 u-white u-btn-2\" target=\"_blank\">zu den produkten<\/a>\n              <\/div>\n            <\/div>\n          <\/div>\n        <\/div>\n        <div class=\"u-container-style u-expanded-width-lg u-expanded-width-md u-expanded-width-sm u-expanded-width-xs u-group u-hidden-lg u-hidden-md u-hidden-sm u-hidden-xl u-group-5\">\n          <div class=\"u-container-layout u-valign-middle-lg u-valign-middle-md u-valign-middle-xl u-container-layout-5\">\n            <div class=\"u-container-style u-expanded-width-lg u-expanded-width-md u-expanded-width-xs u-group u-hover-feature u-opacity u-opacity-75 u-shape-rectangle u-grey-5 u-group-6\" data-animation-name=\"customAnimationIn\" data-animation-duration=\"1000\">\n              <div class=\"u-container-layout u-valign-middle-lg u-valign-middle-md u-valign-middle-sm u-container-layout-6\">\n                <h2 class=\"u-custom-font u-font-open-sans u-subtitle u-text u-text-default-lg u-text-default-md u-text-default-sm u-text-default-xl u-text-6\">Burost\u00fchle<\/h2>\n                <p class=\"u-custom-font u-font-open-sans u-hidden-md u-large-text u-text u-text-variant u-text-7\"> Erleben Sie ultimativen Komfort und ergonomisches Design mit\nunseren Gaming- und B\u00fcrost\u00fchlen. Egal ob beim Gaming oder bei der Arbeit,\ndieser Stuhl bietet dir die perfekte Unterst\u00fctzung f\u00fcr stundenlanges Sitzen. <\/p>\n                <a href=\"https:\/\/www.brack.ch\/baumarkt-hobby\/fahrzeug-mobilitaet?filter%5BfacetManufacturerName%5D%5B%5D=FURBER.power\" class=\"u-border-1 u-border-active-grey-50 u-border-grey-25 u-border-hover-grey-50 u-btn u-button-style u-custom-font u-font-open-sans u-hover-white u-text-hover-grey-40 u-white u-btn-3\" target=\"_blank\">zu den produkten<\/a>\n                <p class=\"u-custom-font u-font-open-sans u-hidden-lg u-hidden-sm u-hidden-xl u-hidden-xs u-large-text u-text u-text-variant u-text-8\"> F\u00fcr Geniesser und Koffein-Junkies gleichermassen garantiert eine breite Palette an praktischen und formsch\u00f6nen Helfern und Gadgets maximalen Tee-&nbsp;<br>und Kaffeegenuss.\n                <\/p>\n              <\/div>\n            <\/div>\n            <img decoding=\"async\" class=\"u-expanded-height-lg u-expanded-height-md u-expanded-height-xl u-expanded-width-xs u-image u-image-default u-image-3\" src=\"https:\/\/www.onitproducts.ch\/wp-content\/uploads\/2023\/09\/arbeitsplatz-stuhl-preview-4.jpeg\" alt=\"\" data-image-width=\"1000\" data-image-height=\"667\" data-animation-name=\"customAnimationIn\" data-animation-duration=\"1000\">\n          <\/div>\n        <\/div>\n        <div class=\"u-align-left-xs u-container-style u-expanded-width u-group u-hidden u-group-7\">\n          <div class=\"u-container-layout u-valign-middle-sm u-valign-middle-xl u-container-layout-7\">\n            <div class=\"u-container-style u-expanded-width-xs u-grey-5 u-group u-opacity u-opacity-75 u-shape-rectangle u-group-8\" data-animation-name=\"customAnimationIn\" data-animation-duration=\"1000\">\n              <div class=\"u-container-layout u-valign-middle-xl u-container-layout-8\">\n                <h2 class=\"u-custom-font u-font-open-sans u-hidden-lg u-hidden-md u-hidden-xs u-subtitle u-text u-text-9\"> Lebensmittel-aufbewahrung<\/h2>\n                <p class=\"u-custom-font u-font-open-sans u-hidden-sm u-large-text u-text u-text-variant u-text-10\"> Egal\nob lange Telefonkonferenzen oder entspannende Musik-h\u00f6r-Sessions, in unserem Sortiment\nvon Headsets und Kopfh\u00f6rern ist f\u00fcr jede Pr\u00e4ferenz was dabei.<br><!--[endif]-->\n                <\/p>\n                <a href=\"https:\/\/www.brack.ch\/baumarkt-hobby\/energie-elektro\/solar?filter%5BfacetManufacturerName%5D%5B%5D=FURBER.power\" class=\"u-border-1 u-border-active-grey-50 u-border-grey-25 u-border-hover-grey-50 u-btn u-button-style u-custom-font u-font-open-sans u-hover-white u-text-hover-palette-1-base u-white u-btn-4\" target=\"_blank\">zu den produkten<\/a>\n                <h2 class=\"u-custom-font u-font-open-sans u-hidden-sm u-hidden-xl u-subtitle u-text u-text-11\">Headsets<\/h2>\n                <p class=\"u-custom-font u-font-open-sans u-hidden-lg u-hidden-md u-hidden-xl u-hidden-xs u-large-text u-text u-text-variant u-text-12\"> Mit vielseitig einsetzbaren und platz-sparenden Aufbewahrungsbeh\u00e4ltern l\u00e4sst sich die Haltbarkeit von Lebens- mitteln verl\u00e4ngern und gleichzeitig Ordnung in die K\u00fcche bringen.<\/p>\n              <\/div>\n            <\/div>\n            <img decoding=\"async\" class=\"u-expanded-height-sm u-expanded-height-xl u-expanded-width-xs u-image u-image-default u-image-4\" src=\"https:\/\/www.onitproducts.ch\/wp-content\/uploads\/2023\/09\/arbeitsplatz-headset-preview-4.jpeg\" alt=\"\" data-image-width=\"1000\" data-image-height=\"667\" data-animation-name=\"customAnimationIn\" data-animation-duration=\"1000\">\n          <\/div>\n        <\/div>\n        <div class=\"u-container-style u-expanded-width u-group u-hidden u-group-9\">\n          <div class=\"u-container-layout u-valign-middle-sm u-valign-middle-xl u-container-layout-9\">\n            <div class=\"u-container-style u-expanded-width-xs u-grey-5 u-group u-opacity u-opacity-75 u-shape-rectangle u-group-10\" data-animation-name=\"customAnimationIn\" data-animation-duration=\"1000\">\n              <div class=\"u-container-layout u-valign-middle-xl u-container-layout-10\">\n                <h2 class=\"u-custom-font u-font-open-sans u-hidden-lg u-hidden-md u-hidden-xs u-subtitle u-text u-text-13\"> Lebensmittel-aufbewahrung<\/h2>\n                <p class=\"u-custom-font u-font-open-sans u-hidden-sm u-large-text u-text u-text-variant u-text-14\"> Egal\nob lange Telefonkonferenzen oder entspannende Musik-h\u00f6r-Sessions, in unserem Sortiment\nvon Headsets und Kopfh\u00f6rern ist f\u00fcr jede Pr\u00e4ferenz was dabei.<br><!--[endif]-->\n                <\/p>\n                <a href=\"https:\/\/www.brack.ch\/baumarkt-hobby\/energie-elektro\/solar?filter%5BfacetManufacturerName%5D%5B%5D=FURBER.power\" class=\"u-border-1 u-border-active-grey-50 u-border-grey-25 u-border-hover-grey-50 u-btn u-button-style u-custom-font u-font-open-sans u-hover-white u-text-hover-palette-1-base u-white u-btn-5\" target=\"_blank\">zu den produkten<\/a>\n                <h2 class=\"u-custom-font u-font-open-sans u-hidden-sm u-hidden-xl u-subtitle u-text u-text-15\">Headsets<\/h2>\n                <p class=\"u-custom-font u-font-open-sans u-hidden-lg u-hidden-md u-hidden-xl u-hidden-xs u-large-text u-text u-text-variant u-text-16\"> Mit vielseitig einsetzbaren und platz-sparenden Aufbewahrungsbeh\u00e4ltern l\u00e4sst sich die Haltbarkeit von Lebens- mitteln verl\u00e4ngern und gleichzeitig Ordnung in die K\u00fcche bringen.<\/p>\n              <\/div>\n            <\/div>\n            <img decoding=\"async\" class=\"u-expanded-height-sm u-expanded-height-xl u-expanded-width-xs u-image u-image-default u-image-5\" src=\"https:\/\/www.onitproducts.ch\/wp-content\/uploads\/2023\/09\/arbeitsplatz-headset-preview-4.jpeg\" alt=\"\" data-image-width=\"1000\" data-image-height=\"667\" data-animation-name=\"customAnimationIn\" data-animation-duration=\"1000\">\n          <\/div>\n        <\/div>\n      <\/div>\n      \n      \n    <\/section>\n    \n    \n    \n    \n  \n<\/div>","protected":false},"excerpt":{"rendered":"<p>Zubeh\u00f6r Adapter Verabschieden Sie sich von Kabelsalat und inkompatiblen Anschl\u00fcssen &#8211; unsere Adapter bieten Ihnen die perfekte L\u00f6sung, um Ihre Ger\u00e4te reibungslos und effizient zu verbinden. zu den produkten Adapter Verabschieden Sie sich von Kabelsalat und inkompatiblen Anschl\u00fcssen &#8211; unsere Adapter bieten Ihnen die perfekte L\u00f6sung, um Ihre Ger\u00e4te reibungslos und effizient zu verbinden. zu&hellip; <a class=\"more-link\" href=\"https:\/\/www.onitproducts.ch\/?page_id=1904\"><span class=\"screen-reader-text\">Unterseite &#8211; Zubeh\u00f6r<\/span> weiterlesen<\/a><\/p>\n","protected":false},"author":5,"featured_media":0,"parent":0,"menu_order":0,"comment_status":"closed","ping_status":"closed","template":"","meta":{"footnotes":""},"class_list":["post-1904","page","type-page","status-publish","hentry","entry"],"jetpack_sharing_enabled":true,"_links":{"self":[{"href":"https:\/\/www.onitproducts.ch\/index.php?rest_route=\/wp\/v2\/pages\/1904","targetHints":{"allow":["GET"]}}],"collection":[{"href":"https:\/\/www.onitproducts.ch\/index.php?rest_route=\/wp\/v2\/pages"}],"about":[{"href":"https:\/\/www.onitproducts.ch\/index.php?rest_route=\/wp\/v2\/types\/page"}],"author":[{"embeddable":true,"href":"https:\/\/www.onitproducts.ch\/index.php?rest_route=\/wp\/v2\/users\/5"}],"replies":[{"embeddable":true,"href":"https:\/\/www.onitproducts.ch\/index.php?rest_route=%2Fwp%2Fv2%2Fcomments&post=1904"}],"version-history":[{"count":2,"href":"https:\/\/www.onitproducts.ch\/index.php?rest_route=\/wp\/v2\/pages\/1904\/revisions"}],"predecessor-version":[{"id":1947,"href":"https:\/\/www.onitproducts.ch\/index.php?rest_route=\/wp\/v2\/pages\/1904\/revisions\/1947"}],"wp:attachment":[{"href":"https:\/\/www.onitproducts.ch\/index.php?rest_route=%2Fwp%2Fv2%2Fmedia&parent=1904"}],"curies":[{"name":"wp","href":"https:\/\/api.w.org\/{rel}","templated":true}]}}